{"id":1744,"date":"2017-04-04T00:40:39","date_gmt":"2017-04-03T22:40:39","guid":{"rendered":"http:\/\/www.slovenci-zagreb.hr\/si\/?page_id=1744"},"modified":"2023-12-27T13:00:31","modified_gmt":"2023-12-27T12:00:31","slug":"slovenski-dom","status":"publish","type":"page","link":"http:\/\/www.slovenci-zagreb.hr\/si\/slovenski-dom\/","title":{"rendered":"Slovenski dom Zagreb"},"content":{"rendered":"<p><img decoding=\"async\" class=\"alignleft size-full wp-image-1778\" src=\"http:\/\/www.slovenci-zagreb.hr\/si\/wp-content\/uploads\/sites\/2\/2017\/04\/grb-slodom-zagreb.png\" alt=\"\" width=\"100\" height=\"163\" \/>Kulturno prosvetno dru\u0161tvo <strong>Slovenski dom Zagreb<\/strong> je najstarej\u0161e dru\u0161tvo Slovencev v Evropi, ki nepretrgano deluje \u017ee od leta 1929. Dru\u0161tvo je na obmo\u010dju dana\u0161nje Republike Hrva\u0161ke delovalo v \u0161tirih dr\u017eavnih tvorbah, od obdobja Kraljevine Jugoslavije do Republike Hrva\u0161ke.<\/p>\n<p>Razli\u010dne politi\u010dne okoli\u0161\u010dine so narekovale na\u010dine in omejitve njegovega delovanja. Prvo obdobje je posebej zanimivo, saj so se tedaj postavljali temelji dru\u0161tva, ki so bili dovolj trdni, da so prenesli vse te\u017eave, ki so dru\u0161tvo spremljale na njegovi dolgoletni poti.<\/p>\n<p>Ustanovitelj dru\u0161tva, ki se je takrat imenovalo Narodna knji\u017enica in \u010ditalnica, je bil dr. Fran Zavrnik.<br \/>\nZa rojstni dan dru\u0161tva \u0161tejemo 9. november leta 1929, ko je pravila Narodne knji\u017enice in \u010ditalnice potrdil &#8220;Veliki \u017eupan zagreb\u0161ke oblasti&#8221;.<\/p>\n<p>V \u010dasu med prvo in drugo svetovno vojno je bilo delovanje dru\u0161tva zelo plodno in je povezalo skoraj vse zagreb\u0161ke Slovence in njihove prijatelje. Med drugo svetovno vojno, ko je delovanje dru\u0161tva prepovedala tedanja oblast Neodvisne dr\u017eave Hrva\u0161ke, dru\u0161tveni duh ni povsem ugasnil, saj so zagreb\u0161ki Slovenci v dru\u0161tvenih prostorih pomagali rojakom, ki so bili izgnani iz Slovenije. V letih po drugi svetovni vojni je dru\u0161tvo do\u017eivelo veliko vzponov in padcev, pre\u017eivljalo je te\u017eke dneve zaradi ob\u010dasnih notranjih razdorov, ki so bili posledica dru\u017ebenih in dr\u017eavnih sprememb. Po razpadu SFRJ ter nastanku Republike Slovenije in Republike Hrva\u0161ke je dru\u0161tvo svoje delovanje usmerilo k uresni\u010ditvi ideje, da bi Slovenski dom postal dom vseh Slovencev v Zagrebu in vseh tistih, ki se radi dru\u017eijo z nami. Ta ideja je mo\u010dno \u017eiva v srcih na\u0161ih \u010dlanov in njihovih prijateljev.<\/p>\n<p>V devetih desetletjih delovanja je do\u017eivelo veliko vzponov in padcev, vendar je ostalo sti\u010di\u0161\u010de zagreb\u0161kih Slovencev in njihovih prijateljev.<\/p>\n<p>Ponosni smo, ker ohranjamo slovenstvo v Zagrebu!<\/p>\n<p>Obi\u0161\u010dite nas!<\/p>\n<p>Spremljajte napovednik popoldanskih in ve\u010dernih dogodkov, saj je takrat v na\u0161em dru\u0161tvu najbolj \u017eivahno!<\/p>\n<p>&#8220;V mestu lepem, ki nahaja<br \/>\nse pod Zagreb\u0161ko goro,<br \/>\ndom slovenski, ko\u0161\u010dek raja,<br \/>\nvedno drugi dom nam bo.&#8221;<\/p>\n<p>Marijan Horn<\/p>\n<p><strong>Slovenski dom &#8211; na\u0161 drugi dom!<\/strong><\/p>\n<p><strong>Predsednik<\/strong>: Darko \u0160onc. <strong>Podpredsednik<\/strong>: Silvester Kmeti\u0107. <strong>Upravni odbor<\/strong>: Marjan Dirnbek, Borut Guli\u010d, Stanka Herak, Agata Klinar Medakovi\u0107, Silvester Kmeti\u0107, Rolando Nik\u010devi\u0107, Stanka Novkovi\u0107, Darko \u0160onc, Matic Zakonj\u0161ek. <strong>Nadzorni odbor<\/strong>: Vi\u0161nja Mordej,\u00a0 Martina Oblak Pehnec, Franc Rop.<\/p>\n<p>Masarykova 13, 10000 Zagreb<br \/>\nTelefon: +385 (0)1 4855-171<br \/>\nTelefaks: +385 (0)1 4855-171<br \/>\nE-naslov: slovenski-dom@zg.t-com.hr<\/p>\n<p>Uradne ure tajni\u0161tva: torek in \u010detrtek od 10. do 13. ure.<\/p>\n<p>OIB: 04029121361, IBAN: HR31 2340 0091 1100 1538 8<\/p>\n","protected":false},"excerpt":{"rendered":"<p>Kulturno prosvetno dru\u0161tvo Slovenski dom Zagreb je najstarej\u0161e dru\u0161tvo Slovencev v Evropi, ki nepretrgano deluje \u017ee od leta 1929. Dru\u0161tvo je na obmo\u010dju dana\u0161nje Republike Hrva\u0161ke delovalo v \u0161tirih dr\u017eavnih tvorbah, od obdobja Kraljevine Jugoslavije do Republike Hrva\u0161ke. Razli\u010dne politi\u010dne okoli\u0161\u010dine so narekovale na\u010dine in omejitve njegovega delovanja. Prvo obdobje je posebej zanimivo, saj so [&hellip;]<\/p>\n","protected":false},"author":1,"featured_media":0,"parent":0,"menu_order":0,"comment_status":"closed","ping_status":"closed","template":"","meta":{"footnotes":""},"yoast_head":"<!-- This site is optimized with the Yoast SEO plugin v22.0 - https:\/\/yoast.com\/wordpress\/plugins\/seo\/ -->\n<title>Slovenski dom Zagreb | Slovenski dom in Svet slovenske nacionalne manj\u0161ine Mesta Zagreb<\/title>\n<meta name=\"robots\" content=\"index, follow, max-snippet:-1, max-image-preview:large, max-video-preview:-1\" \/>\n<link rel=\"canonical\" href=\"https:\/\/www.slovenci-zagreb.hr\/si\/slovenski-dom\/\" \/>\n<meta property=\"og:locale\" content=\"sl_SI\" \/>\n<meta property=\"og:type\" content=\"article\" \/>\n<meta property=\"og:title\" content=\"Slovenski dom Zagreb | Slovenski dom in Svet slovenske nacionalne manj\u0161ine Mesta Zagreb\" \/>\n<meta property=\"og:description\" content=\"Kulturno prosvetno dru\u0161tvo Slovenski dom Zagreb je najstarej\u0161e dru\u0161tvo Slovencev v Evropi, ki nepretrgano deluje \u017ee od leta 1929. Dru\u0161tvo je na obmo\u010dju dana\u0161nje Republike Hrva\u0161ke delovalo v \u0161tirih dr\u017eavnih tvorbah, od obdobja Kraljevine Jugoslavije do Republike Hrva\u0161ke. Razli\u010dne politi\u010dne okoli\u0161\u010dine so narekovale na\u010dine in omejitve njegovega delovanja. Prvo obdobje je posebej zanimivo, saj so [&hellip;]\" \/>\n<meta property=\"og:url\" content=\"https:\/\/www.slovenci-zagreb.hr\/si\/slovenski-dom\/\" \/>\n<meta property=\"og:site_name\" content=\"Slovenski dom in Svet slovenske nacionalne manj\u0161ine Mesta Zagreb\" \/>\n<meta property=\"article:modified_time\" content=\"2023-12-27T12:00:31+00:00\" \/>\n<meta property=\"og:image\" content=\"http:\/\/www.slovenci-zagreb.hr\/si\/wp-content\/uploads\/sites\/2\/2017\/04\/grb-slodom-zagreb.png\" \/>\n<meta name=\"twitter:label1\" content=\"Est. reading time\" \/>\n\t<meta name=\"twitter:data1\" content=\"3 minute\" \/>\n<script type=\"application\/ld+json\" class=\"yoast-schema-graph\">{\"@context\":\"https:\/\/schema.org\",\"@graph\":[{\"@type\":\"WebPage\",\"@id\":\"https:\/\/www.slovenci-zagreb.hr\/si\/slovenski-dom\/\",\"url\":\"https:\/\/www.slovenci-zagreb.hr\/si\/slovenski-dom\/\",\"name\":\"Slovenski dom Zagreb | Slovenski dom in Svet slovenske nacionalne manj\u0161ine Mesta Zagreb\",\"isPartOf\":{\"@id\":\"http:\/\/www.slovenci-zagreb.hr\/si\/#website\"},\"datePublished\":\"2017-04-03T22:40:39+00:00\",\"dateModified\":\"2023-12-27T12:00:31+00:00\",\"breadcrumb\":{\"@id\":\"https:\/\/www.slovenci-zagreb.hr\/si\/slovenski-dom\/#breadcrumb\"},\"inLanguage\":\"sl-SI\",\"potentialAction\":[{\"@type\":\"ReadAction\",\"target\":[\"https:\/\/www.slovenci-zagreb.hr\/si\/slovenski-dom\/\"]}]},{\"@type\":\"BreadcrumbList\",\"@id\":\"https:\/\/www.slovenci-zagreb.hr\/si\/slovenski-dom\/#breadcrumb\",\"itemListElement\":[{\"@type\":\"ListItem\",\"position\":1,\"name\":\"Home\",\"item\":\"http:\/\/www.slovenci-zagreb.hr\/si\/\"},{\"@type\":\"ListItem\",\"position\":2,\"name\":\"Slovenski dom Zagreb\"}]},{\"@type\":\"WebSite\",\"@id\":\"http:\/\/www.slovenci-zagreb.hr\/si\/#website\",\"url\":\"http:\/\/www.slovenci-zagreb.hr\/si\/\",\"name\":\"Slovenski dom in Svet slovenske nacionalne manj\u0161ine Mesta Zagreb\",\"description\":\"\",\"potentialAction\":[{\"@type\":\"SearchAction\",\"target\":{\"@type\":\"EntryPoint\",\"urlTemplate\":\"http:\/\/www.slovenci-zagreb.hr\/si\/?s={search_term_string}\"},\"query-input\":\"required name=search_term_string\"}],\"inLanguage\":\"sl-SI\"}]}<\/script>\n<!-- \/ Yoast SEO plugin. -->","yoast_head_json":{"title":"Slovenski dom Zagreb | Slovenski dom in Svet slovenske nacionalne manj\u0161ine Mesta Zagreb","robots":{"index":"index","follow":"follow","max-snippet":"max-snippet:-1","max-image-preview":"max-image-preview:large","max-video-preview":"max-video-preview:-1"},"canonical":"https:\/\/www.slovenci-zagreb.hr\/si\/slovenski-dom\/","og_locale":"sl_SI","og_type":"article","og_title":"Slovenski dom Zagreb | Slovenski dom in Svet slovenske nacionalne manj\u0161ine Mesta Zagreb","og_description":"Kulturno prosvetno dru\u0161tvo Slovenski dom Zagreb je najstarej\u0161e dru\u0161tvo Slovencev v Evropi, ki nepretrgano deluje \u017ee od leta 1929. Dru\u0161tvo je na obmo\u010dju dana\u0161nje Republike Hrva\u0161ke delovalo v \u0161tirih dr\u017eavnih tvorbah, od obdobja Kraljevine Jugoslavije do Republike Hrva\u0161ke. Razli\u010dne politi\u010dne okoli\u0161\u010dine so narekovale na\u010dine in omejitve njegovega delovanja. Prvo obdobje je posebej zanimivo, saj so [&hellip;]","og_url":"https:\/\/www.slovenci-zagreb.hr\/si\/slovenski-dom\/","og_site_name":"Slovenski dom in Svet slovenske nacionalne manj\u0161ine Mesta Zagreb","article_modified_time":"2023-12-27T12:00:31+00:00","og_image":[{"url":"http:\/\/www.slovenci-zagreb.hr\/si\/wp-content\/uploads\/sites\/2\/2017\/04\/grb-slodom-zagreb.png"}],"twitter_misc":{"Est. reading time":"3 minute"},"schema":{"@context":"https:\/\/schema.org","@graph":[{"@type":"WebPage","@id":"https:\/\/www.slovenci-zagreb.hr\/si\/slovenski-dom\/","url":"https:\/\/www.slovenci-zagreb.hr\/si\/slovenski-dom\/","name":"Slovenski dom Zagreb | Slovenski dom in Svet slovenske nacionalne manj\u0161ine Mesta Zagreb","isPartOf":{"@id":"http:\/\/www.slovenci-zagreb.hr\/si\/#website"},"datePublished":"2017-04-03T22:40:39+00:00","dateModified":"2023-12-27T12:00:31+00:00","breadcrumb":{"@id":"https:\/\/www.slovenci-zagreb.hr\/si\/slovenski-dom\/#breadcrumb"},"inLanguage":"sl-SI","potentialAction":[{"@type":"ReadAction","target":["https:\/\/www.slovenci-zagreb.hr\/si\/slovenski-dom\/"]}]},{"@type":"BreadcrumbList","@id":"https:\/\/www.slovenci-zagreb.hr\/si\/slovenski-dom\/#breadcrumb","itemListElement":[{"@type":"ListItem","position":1,"name":"Home","item":"http:\/\/www.slovenci-zagreb.hr\/si\/"},{"@type":"ListItem","position":2,"name":"Slovenski dom Zagreb"}]},{"@type":"WebSite","@id":"http:\/\/www.slovenci-zagreb.hr\/si\/#website","url":"http:\/\/www.slovenci-zagreb.hr\/si\/","name":"Slovenski dom in Svet slovenske nacionalne manj\u0161ine Mesta Zagreb","description":"","potentialAction":[{"@type":"SearchAction","target":{"@type":"EntryPoint","urlTemplate":"http:\/\/www.slovenci-zagreb.hr\/si\/?s={search_term_string}"},"query-input":"required name=search_term_string"}],"inLanguage":"sl-SI"}]}},"_links":{"self":[{"href":"http:\/\/www.slovenci-zagreb.hr\/si\/wp-json\/wp\/v2\/pages\/1744"}],"collection":[{"href":"http:\/\/www.slovenci-zagreb.hr\/si\/wp-json\/wp\/v2\/pages"}],"about":[{"href":"http:\/\/www.slovenci-zagreb.hr\/si\/wp-json\/wp\/v2\/types\/page"}],"author":[{"embeddable":true,"href":"http:\/\/www.slovenci-zagreb.hr\/si\/wp-json\/wp\/v2\/users\/1"}],"replies":[{"embeddable":true,"href":"http:\/\/www.slovenci-zagreb.hr\/si\/wp-json\/wp\/v2\/comments?post=1744"}],"version-history":[{"count":14,"href":"http:\/\/www.slovenci-zagreb.hr\/si\/wp-json\/wp\/v2\/pages\/1744\/revisions"}],"predecessor-version":[{"id":6543,"href":"http:\/\/www.slovenci-zagreb.hr\/si\/wp-json\/wp\/v2\/pages\/1744\/revisions\/6543"}],"wp:attachment":[{"href":"http:\/\/www.slovenci-zagreb.hr\/si\/wp-json\/wp\/v2\/media?parent=1744"}],"curies":[{"name":"wp","href":"https:\/\/api.w.org\/{rel}","templated":true}]}}