{"id":9,"date":"2014-03-09T22:50:57","date_gmt":"2014-03-09T21:50:57","guid":{"rendered":"http:\/\/www.slovenci-zagreb.hr\/si\/?page_id=9"},"modified":"2024-10-25T15:27:25","modified_gmt":"2024-10-25T13:27:25","slug":"imenik-pomebnih-stikov","status":"publish","type":"page","link":"https:\/\/www.slovenci-zagreb.hr\/si\/koristne-informacije\/imenik-pomebnih-stikov\/","title":{"rendered":"Imenik pomembnih stikov"},"content":{"rendered":"<h4>KOORDINACIJA NACIONALNIH MANJ\u0160IN MESTA ZAGREB<\/h4>\n<p>Ustavni zakon o nacionalnih manj\u0161inah Republike Hrva\u0161ke med drugim omogo\u010da, da lahko \u017ee dva sveta nacionalnih manj\u0161in, delujo\u010da v lokalni samoupravi, ustanovita koordinacijo za la\u017eje uresni\u010devanje in usklajevanje interesov nacionalnih manj\u0161in.<\/p>\n<p>\u017de leta 2003 so sveti albanske, bo\u0161nja\u0161ke, \u010drnogorske, \u010de\u0161ke, mad\u017earske, makedonske, slovenske in srbske nacionalne manj\u0161ine ustanovili Koordinacijo nacionalnih manj\u0161in Mesta Zagreba.<\/p>\n<p>V koordinaciji delujejo \u0161e predstavniki judovske, ukrajinske, bolgarske, romske, slova\u0161ke, nem\u0161ke, poljske, rusinske, avstrijske in italijanske nacionalne manj\u0161ine. Od leta 2011 je v koordinaciji tudi predstavnica ruske nacionalne manj\u0161ine in od leta 2019 predstavnik tur\u0161ke nacionalne manj\u0161ine.<\/p>\n<p>Koordinacija ima statut in poslovnik, sprejema program dela, finan\u010dni na\u010drt in zaklju\u010dni ra\u010dun, oblikuje pa tudi pomembne skupne odlo\u010ditve na ravni Mesta Zagreba.<\/p>\n<p>\u010clani koordinacije, sveti in predstavniki nacionalnih manj\u0161in lahko pooblastijo koordinacijo, da jih zastopa.<\/p>\n<p>Koordinacijo vodi predsedstvo, ki ga sestavljajo:<\/p>\n<ul>\n<li>predsednik Armin Hod\u017ei\u0107,<\/li>\n<li>namestnika Boris Milo\u0161evi\u0107 in Oskar Arlant.<\/li>\n<\/ul>\n<p>Naslov: Remetine\u010dka cesta 77 c, 10000 Zagreb<\/p>\n<p>Telefon: 00 385 1 6521 533<br \/>\nE-naslov: <a href=\"mailto:ured.knmgz@gmail.com\">ured.knmgz@gmail.com<\/a><\/p>\n<p>Spletna stran:\u00a0<a href=\"http:\/\/www.kvipnmgz.hr\/\">http:\/\/www.kvipnmgz.hr\/<\/a>\u00a0 \u00a0 \u00a0<a href=\"http:\/\/nacionalnemanjinehr.com\/\"> \u00a0http:\/\/nacionalnemanjinehr.com\/<\/a><\/p>\n<p>&nbsp;<\/p>\n<p><strong>URAD VLADE REPUBLIKE SLOVENIJE ZA SLOVENCE V ZAMEJSTVU IN PO SVETU<\/strong><\/p>\n<p>Urad opravlja naloge, ki zadevajo slovensko manj\u0161ino v sosednjih dr\u017eavah ter slovenske zdomce in izseljence po svetu. Delovanje Slovencev v zamejstvu in po svetu podpira na ve\u010d ravneh. Podpira kulturno, prosvetno, gospodarsko in drugo povezovanje z mati\u010dno dr\u017eavo ter organizira posvete, seminarje, nate\u010daje itd.<\/p>\n<p>Urad zagotavlja finan\u010dno pomo\u010d Republike Slovenije za programe in projekte Slovencev v zamejstvu in po svetu. Zadol\u017een je za spremljanje in koordiniranje dejavnosti pristojnih ministrstev na podro\u010dju sodelovanja s Slovenci zunaj Republike Slovenije.<\/p>\n<p>Urad redno spremlja delovanje slovenskih dru\u0161tev na Hrva\u0161kem in Zveze slovenskih dru\u0161tev na Hrva\u0161kem.<\/p>\n<p>Vodstvo:<br \/>\nminister Matej Ar\u010don<br \/>\nNaslov: Erjav\u010deva 15, SI-1000 Ljubljana, Slovenija<br \/>\nTelefon: 00 386 1 230 80 00<br \/>\nTelefaks: 00 386 1 230 80 17<br \/>\nE- naslov: <a href=\"mailto:urad.slovenci@gov.si\">urad.slovenci@gov.si<\/a><br \/>\nSpletna stran: <a href=\"http:\/\/www.slovenci.si\">www.slovenci.si<\/a><\/p>\n<h4>VELEPOSLANI\u0160TVO REPUBLIKE SLOVENIJE NA HRVA\u0160KEM<\/h4>\n<p>Veleposlanik Ga\u0161per Dov\u017ean<br \/>\nNaslov: Alagovi\u0107eva 30, 10000 Zagreb<br \/>\nTelefon: 00 385 1 6311 000<br \/>\nTelefaks: 00 385 1 6177 236<br \/>\nE-naslov: <a href=\"mailto:vzg@gov.si\">vzg@gov.si<\/a><br \/>\nSpletna stran: <a href=\"http:\/\/zagreb.veleposlanistvo.si\" target=\"_blank\" rel=\"noopener noreferrer\">zagreb.veleposlanistvo.si<\/a><\/p>\n<p><strong>KONZULARNI ODDELEK<\/strong><br \/>\nURADNE URE<\/p>\n<p><strong>&#8211; PONEDELJEK od 9. do 12. ure<\/strong><\/p>\n<p><strong>&#8211; SREDA od 9. do 12. ure in od 14. do 16. ure<\/strong><\/p>\n<p><strong>&#8211; PETEK od 9. do 12. ure<\/strong><\/p>\n<p>V \u010dasu uradnih ur konzularni oddelek veleposlani\u0161tva sprejema stranke in posluje po telefonu na \u0161tevilkah +385\/1-63-11-014 ali +385\/1-63-11-015.<\/p>\n<p><strong>Za nujne primere slovenskih dr\u017eavljanov izven poslovnega \u010dasa veleposlani\u0161tva (po 16.30 uri) ter koncu tedna in praznikih, je vzpostavljeno de\u017eurstvo na telefonski \u0161tevilki +385\/98-462-666.<\/strong><\/p>\n<h4>SVET ZA NACIONALNE MANJ\u0160INE REPUBLIKE HRVA\u0160KE<\/h4>\n<p>Svet je bil ustanovljen v skladu z ustavnim zakonom o nacionalnih manj\u0161inah Republike Hrva\u0161ke. Svet je vladno telo, ki skrbi za vklju\u010denost nacionalnih manj\u0161in v hrva\u0161ko javno \u017eivljenje, sodelovanje z dr\u017eavnimi organi in sodelovanje v obravnavi vpra\u0161anj, povezanih z uresni\u010devanjem in za\u0161\u010dito pravic in svobo\u0161\u010din nacionalnih manj\u0161in. Te pravice so opredeljene tudi v razli\u010dnih zakonih (zakon o uporabi jezika in pisave nacionalnih manj\u0161in, zakon o vzgoji in izobra\u017eevanju v jeziku in pisavi nacionalnih manj\u0161in, zakon o volitvah predstavni\u0161kih teles v enotah lokalne samouprave, zakon o volitvah poslancev v hrva\u0161ki sabor&#8230;).<\/p>\n<p>\u010clane sveta imenuje vlada, in sicer po naslednjem klju\u010du: sedem pripadnikov nacionalnih manj\u0161in, ki jih predlagajo sveti nacionalnih manj\u0161in ob\u010din, mest in \u017eupanij, ter pet pripadnikov nacionalnih manj\u0161in, ki jih glede na kulturno, znanstveno, strokovno in versko udejstvovanje predlagajo manj\u0161inske skupnosti in druga manj\u0161inska telesa, pravne osebe in dr\u017eavljani nacionalnih manj\u0161in.<\/p>\n<p>\u010clani sveta imajo \u0161tiriletni mandat in so v skladu z ustavnim zakonom tudi predstavniki nacionalnih manj\u0161in pred hrva\u0161kim saborom.<\/p>\n<p>Predsednik sveta za nacionalne manj\u0161ine Republike Hrva\u0161ke je Tibor Varga.<\/p>\n<p>Naslov: Mesni\u010dka 23, 10000 Zagreb<br \/>\nTelefon: 00 385 1 4569 286<br \/>\nTelefaks: 00 385 1 4569 297<br \/>\nOstalo<br \/>\nSpletna stran: <a href=\"http:\/\/www.savjet.nacionalne-manjine.info\" target=\"_blank\" rel=\"noopener noreferrer\">www.savjet.nacionalne-manjine.info<\/a><\/p>\n<h4>\u00a0KONZULAT REPUBLIKE SLOVENIJE NA HRVA\u0160KEM<\/h4>\n<p>\u010castni konzul Republike Slovenije na Hrva\u0161kem<br \/>\nNaslov: Ma\u017eurani\u0107evo \u0161etali\u0161te1, 21000 Split<br \/>\nTelefon: 00 385 21 389 224<br \/>\nTelefaks: 00 385 21 389 224<br \/>\nE-naslov: <a href=\"mailto:Generalni.konzulat.rep.slovenije@st.t-com.hr\">Generalni.konzulat.rep.slovenije@st.t-com.hr<\/a><\/p>\n<h4>VELEPOSLANI\u0160TVO REPUBLIKE HRVA\u0160KE V SLOVENIJI<\/h4>\n<p>Veleposlanik Republike Hrva\u0161ke v Sloveniji je Boris Grigi\u0107.<br \/>\nNaslov: Gruberjevo nabre\u017eje 6, SI-1000 Ljubljana<br \/>\nTelefon: 00 386 1 4256 220<br \/>\nTelefaks: 00 386 1 4258 106<br \/>\nE-naslov: <a href=\"mailto:vrhslo@mvpei.hr\">vrhslo@mvpei.hr<\/a><br \/>\nSpletna stran: <a href=\"http:\/\/si.mvp.hr\" target=\"_blank\" rel=\"noopener noreferrer\">si.mvp.hr<\/a><\/p>\n<h4>ZVEZA SLOVENSKIH DRU\u0160TEV NA HRVA\u0160KEM<\/h4>\n<p>Zveza slovenskih dru\u0161tev na Hrva\u0161kem je krovna organizacija vseh slovenskih dru\u0161tev na Hrva\u0161kem. Njena osnovna naloga je organizacija, zdru\u017eevanje in povezovanje vseh slovenskih dru\u0161tev na Hrva\u0161kem ter oblikovanje skupnih stali\u0161\u010d v odnosih s pristojnimi organi Republike Slovenije in Republike Hrva\u0161ke. Vsako dru\u0161tvo v zvezo delegira svoje predstavnike, ki sestavljajo skup\u0161\u010dino zveze.<\/p>\n<p>\u010clani Zveze slovenskih dru\u0161tev na Hrva\u0161kem:<\/p>\n<p><strong>Kulturno prosvetno dru\u0161tvo Slovenski dom Zagreb<\/strong><br \/>\nMasarykova 13, 10000 Zagreb<br \/>\nTelefon: +385 (0)1 4855-171<br \/>\nTelefaks: +385 (0)1 4855-171<br \/>\nE-naslov: <a href=\"mailto:slovenski-dom@zg.t-com.hr\">slovenski-dom@zg.t-com.hr<\/a><br \/>\nSpletna stran: <a href=\"http:\/\/www.slovenci-zagreb.hr\">www.slovenci-zagreb.hr<\/a><br \/>\nPredsednik:<br \/>\nDarko \u0160onc, 091\/2016-152<\/p>\n<p><strong>Slovenski dom, kulturno prosvetno dru\u0161tvo Bazovica, Reka<\/strong><br \/>\nPodpinjol 43, 51000 Reka<br \/>\nTelefon: +385 (0)51 215-406<br \/>\nTelefaks: +385 (0)51 334 977<br \/>\nE-naslov: <a href=\"mailto:slovenskidom@bazovica.hr\">slovenskidom@bazovica.hr<\/a><br \/>\nSpletna stran: <a href=\"http:\/\/www.bazovica.hr\" target=\"_blank\" rel=\"noopener noreferrer\">www.bazovica.hr<\/a><br \/>\nPredsednica:<br \/>\nJasmina Dla\u010di\u0107<\/p>\n<p><strong>Slovensko kulturno dru\u0161tvo Triglav, Split<\/strong><br \/>\n\u0160ibenska 3, 21000 Split<br \/>\nTelefon: +385 (0)21 343-137<br \/>\nMobitel: +385 (0) 91 150 44 98<br \/>\nTelefaks: +385 (0)21 321 434<br \/>\nE-naslov: <a href=\"mailto:skdtriglavsplit@gmail.com\">skdtriglavsplit@gmail.com<\/a><br \/>\nPredsednik:<br \/>\nmr. sc. Cveto \u0160u\u0161melj<\/p>\n<p><strong>Slovensko kulturno dru\u0161tvo Lipa, Dubrovnik<\/strong><br \/>\nFrana Supila 8 (Lazareti), 20000 Dubrovnik<br \/>\nTelefon: +385 (0)20 424-346, +385 (0)20 416 448<br \/>\nE-naslov: <a href=\"mailto:lipa.dubrovnik@metromail.hr\">lipa.dubrovnik@metromail.hr<\/a><\/p>\n<p><strong>Slovensko kulturno dru\u0161tvo Istra, Pulj<\/strong><br \/>\nHermana Dalmatina 4, 52000 Pulj<br \/>\nTelefon: +385 (0)52 215-851<br \/>\nTelefaks: +385 (0)52 544-406<br \/>\nE-naslov: <a href=\"mailto:slovenci@skdistra.hr\">slovenci@skdistra.hr<\/a><br \/>\nSpletna stran: <a href=\"http:\/\/www.skdistra.hr\" target=\"_blank\" rel=\"noopener noreferrer\">www.skdistra.hr<\/a><br \/>\nPredsednica:<br \/>\nDanica Avbelj<\/p>\n<p><strong>Slovensko kulturno dru\u0161tvo Sne\u017enik, Lovran<\/strong><br \/>\nStari grad 53, 51415 Lovran<br \/>\nTelefon: +385 (0)51 291-527<br \/>\nTelefaks: +385 (0)51 291-527<br \/>\nE-naslov: <a href=\"mailto:sneznik@ri.t-com.hr\">sneznik@ri.t-com.hr<\/a><br \/>\nPredsednik:<br \/>\nVasja Simoni\u010d, 091\/5812-095<\/p>\n<p><strong>Slovensko kulturno dru\u0161tvo Lipa, Zadar<\/strong><br \/>\nPut Bokanjca 29, 23000 Zadar<br \/>\nTelefon: +385 (0)23 202-412<br \/>\nE-naslov: <a href=\"mailto:zadarlipa@gmail.com\">zadarlipa@gmail.com<\/a><br \/>\nPredsednica:<br \/>\nDarja Jusup, 091\/5914-147<\/p>\n<p><strong>Kulturno dru\u0161tvo Slovenski dom Karlovec, Karlovec<\/strong><br \/>\nSmi\u010diklasova 16, 47000 Karlovec<br \/>\nTelefon: +385 (0)47 654 209<br \/>\nE-naslov: <a href=\"mailto:slovenski.dom.ka@gmail.com\">slovenci.karlovac@gmail.com<\/a><br \/>\nPredsednica:<br \/>\nMarina Dela\u010d &#8211; Tep\u0161i\u0107, 098\/959 2726<\/p>\n<p><strong>Dru\u0161tvo Slovencev Labin, Labin<\/strong><br \/>\nV. Spin\u010di\u0107a 5, 52220 Labin<br \/>\nTelefon: +385 (0)52 856 115<br \/>\nTelefaks: +385 (0)52 856 206<br \/>\nMobitel: +385 (0)91 543 1788<br \/>\nE-naslov: <a href=\"mailto:drslo.labin@yahoo.com\">drslo.labin@yahoo.com<\/a><br \/>\nPredsednica:<br \/>\nSilva \u0160utar Vuji\u010di\u0107<\/p>\n<p><strong>Slovensko kulturno dru\u0161tvo Stanko Vraz, Osijek<\/strong><br \/>\nAlojzija Stepinca 29, 31000 Osijek<br \/>\nE-naslov: <a href=\"mailto:skdstankovraz@gmail.com\">skdstankovraz@gmail.com<\/a><br \/>\nSpletna stran: <a href=\"http:\/\/skdstankovraz.blog.hr\" target=\"_blank\" rel=\"noopener noreferrer\">skdstankovraz.blog.hr<\/a><br \/>\nPredsednica:<br \/>\nPolonca Margeta<\/p>\n<p><strong>Slovensko kulturno dru\u0161tvo Lipa, Buzet<\/strong><br \/>\nSportska 3, 52420 Buzet<br \/>\nTelefon: +385 (0)52 662 767<br \/>\nE-naslov: <a href=\"mailto:slov.drustvolipabuzet@gmail.com\">slov.drustvolipabuzet@gmail.com<\/a><br \/>\nPredsednik:<br \/>\nBoris Gr\u017eelj<\/p>\n<p><strong>Slovensko kulturno dru\u0161tvo Oljka, Pore\u010d<\/strong><br \/>\nI. G. Kova\u010di\u0107a 7 a, 52440 Pore\u010d<br \/>\nTelefon: +385 (0)52 452 022<br \/>\nTelefaks: +385 (0)52 452 022<br \/>\nE-naslov: <a href=\"mailto:skd.oljka@gmail.com\">skd.oljka@gmail.com<\/a><br \/>\nPredsednica:<br \/>\nMiriam Pran<\/p>\n<p><strong>Slovensko kulturno dru\u0161tvo Nagelj, Vara\u017edin<\/strong><br \/>\nStanka Vraza 4\/III, 42000 Vara\u017edin<br \/>\nE-naslov: <a href=\"mailto:skd.nagelj@gmail.com\">slovenci.vz@gmail.com<\/a><br \/>\nPredsednica:<br \/>\nMartina Lesjak<\/p>\n<p><strong>Slovensko kulturno dru\u0161tvo Gorski kotar, Tr\u0161\u0107e<\/strong><br \/>\nPartizanski put 7, 51305 Tr\u0161\u0107e<br \/>\nTelefon: +385 (0) 51 824 226<br \/>\n+386 (1) 7095 752<br \/>\nE-naslov: <a href=\"mailto:slavko.malnar@gmail.com\">skd.gorskikotar2007@gmail.com<\/a><br \/>\nPredsednik:<br \/>\nDamjan Malnar<\/p>\n<p><strong>Slovensko kulturno dru\u0161tvo Ajda, Umag<\/strong><br \/>\nTrgova\u010dka 6, 52470 Umag<br \/>\nMobitel: +385 (0)91 2557885<br \/>\nTelefax: +385 (0)52 742910<br \/>\nE-naslov: <a href=\"mailto:skdajda.umag@gmail.com\">skdajda.umag@gmail.com<\/a><br \/>\nPredsednica:<br \/>\nDanica Bojkovi\u0107<\/p>\n<p><strong>Slovensko kulturno dru\u0161tvo Pre\u0161eren, Lokve<\/strong><br \/>\nRudolfa Strohala 66, 51316 Lokve<br \/>\nPredsednica:<br \/>\nDaniela Markovi\u0107<\/p>\n<p><strong>KIS (Kmetijsko-izobra\u017eevalna skupnost) Gorski Kotar<\/strong><br \/>\nGoranska 119, 51307 Prezid<br \/>\nMobitel: +385 (0)99 249 0662<br \/>\nE-mail: kis.gorskikotar@gmail.com<\/p>\n<h4>Cilji Zveze slovenskih dru\u0161tev na Hrva\u0161kem:<\/h4>\n<ol>\n<li>Ohranjanje in varovanje nacionalne identitete Slovencev v Republiki Hrva\u0161ki.<\/li>\n<li>Ohranjanje in varovanje slovenske samozavesti in slovenskega jezika.<\/li>\n<li>Ohranjanje in varovanje slovenske kulturne dedi\u0161\u010dine.<\/li>\n<li>Ohranjanje in razvoj prijateljskih odnosov z ve\u010dinskim hrva\u0161kim prebivalstvom.<\/li>\n<\/ol>\n<p>Predsednica Zveze je Barbara Antoli\u0107 Vupora.<br \/>\nSpletna stran: <a href=\"http:\/\/www.slovenci.hr\" target=\"_blank\" rel=\"noopener noreferrer\">www.slovenci.hr<\/a><\/p>\n<h4>SLOVENSKA MANJ\u0160INSKA KOORDINACIJA<\/h4>\n<p>Slomak &#8211; Slovenska manj\u0161inska koordinacija je zdru\u017eenje krovnih organizacij civilnih dru\u017eb zamejskih Slovencev iz Italije, Avstrije, Mad\u017earske in Hrva\u0161ke. Ustanovljena je bila leta 2004, ko sta se Slovenija in Mad\u017earska vklju\u010devali v Evropsko unijo.<\/p>\n<p>Osnovni cilj koordinacije je izmenjava izku\u0161enj in sodelovanje v razvoju slovenske manj\u0161ine v dr\u017eavah, v katerih \u017eivijo zamejski Slovenci. Zveza slovenskih dru\u0161tev na Hrva\u0161kem je \u010dlanica Slomaka od njegove ustanovitve.<\/p>\n<p>Redno sodelovanje z ostalimi krovnimi organizacijami krepi slovensko samozavest v tujini in prispeva k ohranitvi enotnega kulturnega prostora, ki ga zamejci ustvarjajo z mati\u010dno dr\u017eavo.<\/p>\n<p>Koordinator Slomaka je Nanti Olip.<br \/>\nNaslov: Via San Francesco 20\/III, IT-34133 Trst, Italija<br \/>\nTelefon: 00 39 040 368 094<br \/>\nTelefaks: 00 39 040 368 158<br \/>\nE-naslov: <a href=\"mailto:skgz-ts@skgz.org\">skgz-ts@skgz.org<\/a><br \/>\nSpletna stran: <a href=\"http:\/\/www.slomak.net\" target=\"_blank\" rel=\"noopener noreferrer\">www.slomak.net<\/a><\/p>\n<p>&nbsp;<\/p>\n","protected":false},"excerpt":{"rendered":"<p>KOORDINACIJA NACIONALNIH MANJ\u0160IN MESTA ZAGREB Ustavni zakon o nacionalnih manj\u0161inah Republike Hrva\u0161ke med drugim omogo\u010da, da lahko \u017ee dva sveta nacionalnih manj\u0161in, delujo\u010da v lokalni samoupravi, ustanovita koordinacijo za la\u017eje uresni\u010devanje in usklajevanje interesov nacionalnih manj\u0161in. \u017de leta 2003 so sveti albanske, bo\u0161nja\u0161ke, \u010drnogorske, \u010de\u0161ke, mad\u017earske, makedonske, slovenske in srbske nacionalne manj\u0161ine ustanovili Koordinacijo nacionalnih [&hellip;]<\/p>\n","protected":false},"author":1,"featured_media":0,"parent":7,"menu_order":0,"comment_status":"closed","ping_status":"open","template":"","meta":{"footnotes":""},"yoast_head":"<!-- This site is optimized with the Yoast SEO plugin v22.0 - https:\/\/yoast.com\/wordpress\/plugins\/seo\/ -->\n<title>Imenik pomembnih stikov | Slovenski dom in Svet slovenske nacionalne manj\u0161ine Mesta Zagreb<\/title>\n<meta name=\"robots\" content=\"index, follow, max-snippet:-1, max-image-preview:large, max-video-preview:-1\" \/>\n<link rel=\"canonical\" href=\"https:\/\/www.slovenci-zagreb.hr\/si\/koristne-informacije\/imenik-pomebnih-stikov\/\" \/>\n<meta property=\"og:locale\" content=\"sl_SI\" \/>\n<meta property=\"og:type\" content=\"article\" \/>\n<meta property=\"og:title\" content=\"Imenik pomembnih stikov | Slovenski dom in Svet slovenske nacionalne manj\u0161ine Mesta Zagreb\" \/>\n<meta property=\"og:description\" content=\"KOORDINACIJA NACIONALNIH MANJ\u0160IN MESTA ZAGREB Ustavni zakon o nacionalnih manj\u0161inah Republike Hrva\u0161ke med drugim omogo\u010da, da lahko \u017ee dva sveta nacionalnih manj\u0161in, delujo\u010da v lokalni samoupravi, ustanovita koordinacijo za la\u017eje uresni\u010devanje in usklajevanje interesov nacionalnih manj\u0161in. \u017de leta 2003 so sveti albanske, bo\u0161nja\u0161ke, \u010drnogorske, \u010de\u0161ke, mad\u017earske, makedonske, slovenske in srbske nacionalne manj\u0161ine ustanovili Koordinacijo nacionalnih [&hellip;]\" \/>\n<meta property=\"og:url\" content=\"https:\/\/www.slovenci-zagreb.hr\/si\/koristne-informacije\/imenik-pomebnih-stikov\/\" \/>\n<meta property=\"og:site_name\" content=\"Slovenski dom in Svet slovenske nacionalne manj\u0161ine Mesta Zagreb\" \/>\n<meta property=\"article:modified_time\" content=\"2024-10-25T13:27:25+00:00\" \/>\n<meta name=\"twitter:label1\" content=\"Est. reading time\" \/>\n\t<meta name=\"twitter:data1\" content=\"8 minut\" \/>\n<script type=\"application\/ld+json\" class=\"yoast-schema-graph\">{\"@context\":\"https:\/\/schema.org\",\"@graph\":[{\"@type\":\"WebPage\",\"@id\":\"https:\/\/www.slovenci-zagreb.hr\/si\/koristne-informacije\/imenik-pomebnih-stikov\/\",\"url\":\"https:\/\/www.slovenci-zagreb.hr\/si\/koristne-informacije\/imenik-pomebnih-stikov\/\",\"name\":\"Imenik pomembnih stikov | Slovenski dom in Svet slovenske nacionalne manj\u0161ine Mesta Zagreb\",\"isPartOf\":{\"@id\":\"http:\/\/www.slovenci-zagreb.hr\/si\/#website\"},\"datePublished\":\"2014-03-09T21:50:57+00:00\",\"dateModified\":\"2024-10-25T13:27:25+00:00\",\"breadcrumb\":{\"@id\":\"https:\/\/www.slovenci-zagreb.hr\/si\/koristne-informacije\/imenik-pomebnih-stikov\/#breadcrumb\"},\"inLanguage\":\"sl-SI\",\"potentialAction\":[{\"@type\":\"ReadAction\",\"target\":[\"https:\/\/www.slovenci-zagreb.hr\/si\/koristne-informacije\/imenik-pomebnih-stikov\/\"]}]},{\"@type\":\"BreadcrumbList\",\"@id\":\"https:\/\/www.slovenci-zagreb.hr\/si\/koristne-informacije\/imenik-pomebnih-stikov\/#breadcrumb\",\"itemListElement\":[{\"@type\":\"ListItem\",\"position\":1,\"name\":\"Home\",\"item\":\"http:\/\/www.slovenci-zagreb.hr\/si\/\"},{\"@type\":\"ListItem\",\"position\":2,\"name\":\"Koristne informacije\",\"item\":\"https:\/\/www.slovenci-zagreb.hr\/si\/koristne-informacije\/\"},{\"@type\":\"ListItem\",\"position\":3,\"name\":\"Imenik pomembnih stikov\"}]},{\"@type\":\"WebSite\",\"@id\":\"http:\/\/www.slovenci-zagreb.hr\/si\/#website\",\"url\":\"http:\/\/www.slovenci-zagreb.hr\/si\/\",\"name\":\"Slovenski dom in Svet slovenske nacionalne manj\u0161ine Mesta Zagreb\",\"description\":\"\",\"potentialAction\":[{\"@type\":\"SearchAction\",\"target\":{\"@type\":\"EntryPoint\",\"urlTemplate\":\"http:\/\/www.slovenci-zagreb.hr\/si\/?s={search_term_string}\"},\"query-input\":\"required name=search_term_string\"}],\"inLanguage\":\"sl-SI\"}]}<\/script>\n<!-- \/ Yoast SEO plugin. -->","yoast_head_json":{"title":"Imenik pomembnih stikov | Slovenski dom in Svet slovenske nacionalne manj\u0161ine Mesta Zagreb","robots":{"index":"index","follow":"follow","max-snippet":"max-snippet:-1","max-image-preview":"max-image-preview:large","max-video-preview":"max-video-preview:-1"},"canonical":"https:\/\/www.slovenci-zagreb.hr\/si\/koristne-informacije\/imenik-pomebnih-stikov\/","og_locale":"sl_SI","og_type":"article","og_title":"Imenik pomembnih stikov | Slovenski dom in Svet slovenske nacionalne manj\u0161ine Mesta Zagreb","og_description":"KOORDINACIJA NACIONALNIH MANJ\u0160IN MESTA ZAGREB Ustavni zakon o nacionalnih manj\u0161inah Republike Hrva\u0161ke med drugim omogo\u010da, da lahko \u017ee dva sveta nacionalnih manj\u0161in, delujo\u010da v lokalni samoupravi, ustanovita koordinacijo za la\u017eje uresni\u010devanje in usklajevanje interesov nacionalnih manj\u0161in. \u017de leta 2003 so sveti albanske, bo\u0161nja\u0161ke, \u010drnogorske, \u010de\u0161ke, mad\u017earske, makedonske, slovenske in srbske nacionalne manj\u0161ine ustanovili Koordinacijo nacionalnih [&hellip;]","og_url":"https:\/\/www.slovenci-zagreb.hr\/si\/koristne-informacije\/imenik-pomebnih-stikov\/","og_site_name":"Slovenski dom in Svet slovenske nacionalne manj\u0161ine Mesta Zagreb","article_modified_time":"2024-10-25T13:27:25+00:00","twitter_misc":{"Est. reading time":"8 minut"},"schema":{"@context":"https:\/\/schema.org","@graph":[{"@type":"WebPage","@id":"https:\/\/www.slovenci-zagreb.hr\/si\/koristne-informacije\/imenik-pomebnih-stikov\/","url":"https:\/\/www.slovenci-zagreb.hr\/si\/koristne-informacije\/imenik-pomebnih-stikov\/","name":"Imenik pomembnih stikov | Slovenski dom in Svet slovenske nacionalne manj\u0161ine Mesta Zagreb","isPartOf":{"@id":"http:\/\/www.slovenci-zagreb.hr\/si\/#website"},"datePublished":"2014-03-09T21:50:57+00:00","dateModified":"2024-10-25T13:27:25+00:00","breadcrumb":{"@id":"https:\/\/www.slovenci-zagreb.hr\/si\/koristne-informacije\/imenik-pomebnih-stikov\/#breadcrumb"},"inLanguage":"sl-SI","potentialAction":[{"@type":"ReadAction","target":["https:\/\/www.slovenci-zagreb.hr\/si\/koristne-informacije\/imenik-pomebnih-stikov\/"]}]},{"@type":"BreadcrumbList","@id":"https:\/\/www.slovenci-zagreb.hr\/si\/koristne-informacije\/imenik-pomebnih-stikov\/#breadcrumb","itemListElement":[{"@type":"ListItem","position":1,"name":"Home","item":"http:\/\/www.slovenci-zagreb.hr\/si\/"},{"@type":"ListItem","position":2,"name":"Koristne informacije","item":"https:\/\/www.slovenci-zagreb.hr\/si\/koristne-informacije\/"},{"@type":"ListItem","position":3,"name":"Imenik pomembnih stikov"}]},{"@type":"WebSite","@id":"http:\/\/www.slovenci-zagreb.hr\/si\/#website","url":"http:\/\/www.slovenci-zagreb.hr\/si\/","name":"Slovenski dom in Svet slovenske nacionalne manj\u0161ine Mesta Zagreb","description":"","potentialAction":[{"@type":"SearchAction","target":{"@type":"EntryPoint","urlTemplate":"http:\/\/www.slovenci-zagreb.hr\/si\/?s={search_term_string}"},"query-input":"required name=search_term_string"}],"inLanguage":"sl-SI"}]}},"_links":{"self":[{"href":"https:\/\/www.slovenci-zagreb.hr\/si\/wp-json\/wp\/v2\/pages\/9"}],"collection":[{"href":"https:\/\/www.slovenci-zagreb.hr\/si\/wp-json\/wp\/v2\/pages"}],"about":[{"href":"https:\/\/www.slovenci-zagreb.hr\/si\/wp-json\/wp\/v2\/types\/page"}],"author":[{"embeddable":true,"href":"https:\/\/www.slovenci-zagreb.hr\/si\/wp-json\/wp\/v2\/users\/1"}],"replies":[{"embeddable":true,"href":"https:\/\/www.slovenci-zagreb.hr\/si\/wp-json\/wp\/v2\/comments?post=9"}],"version-history":[{"count":38,"href":"https:\/\/www.slovenci-zagreb.hr\/si\/wp-json\/wp\/v2\/pages\/9\/revisions"}],"predecessor-version":[{"id":6975,"href":"https:\/\/www.slovenci-zagreb.hr\/si\/wp-json\/wp\/v2\/pages\/9\/revisions\/6975"}],"up":[{"embeddable":true,"href":"https:\/\/www.slovenci-zagreb.hr\/si\/wp-json\/wp\/v2\/pages\/7"}],"wp:attachment":[{"href":"https:\/\/www.slovenci-zagreb.hr\/si\/wp-json\/wp\/v2\/media?parent=9"}],"curies":[{"name":"wp","href":"https:\/\/api.w.org\/{rel}","templated":true}]}}